{"id":965,"date":"2021-08-12T13:49:32","date_gmt":"2021-08-12T11:49:32","guid":{"rendered":"https:\/\/arsaether.com\/?page_id=965"},"modified":"2021-08-29T12:35:04","modified_gmt":"2021-08-29T10:35:04","slug":"home","status":"publish","type":"page","link":"https:\/\/arsaether.com\/","title":{"rendered":"HOME"},"content":{"rendered":"\n<div class=\"wp-block-group\"><div class=\"wp-block-group__inner-container\">\n<div class=\"wp-block-group\"><div class=\"wp-block-group__inner-container\">\n<div class=\"wp-block-image is-style-rounded\"><figure class=\"aligncenter is-resized\"><img loading=\"lazy\" src=\"https:\/\/arsaether.com\/wp-content\/uploads\/2020\/09\/PROFIL-GUIMAUSE-TERRIER-ARSAETHER-1-1024x1024.jpg\" alt=\"\" class=\"wp-image-64\" width=\"253\" height=\"253\" srcset=\"https:\/\/arsaether.com\/wp-content\/uploads\/2020\/09\/PROFIL-GUIMAUSE-TERRIER-ARSAETHER-1-1024x1024.jpg 1024w, https:\/\/arsaether.com\/wp-content\/uploads\/2020\/09\/PROFIL-GUIMAUSE-TERRIER-ARSAETHER-1-scaled-100x100.jpg 100w, https:\/\/arsaether.com\/wp-content\/uploads\/2020\/09\/PROFIL-GUIMAUSE-TERRIER-ARSAETHER-1-scaled-600x599.jpg 600w, https:\/\/arsaether.com\/wp-content\/uploads\/2020\/09\/PROFIL-GUIMAUSE-TERRIER-ARSAETHER-1-300x300.jpg 300w, https:\/\/arsaether.com\/wp-content\/uploads\/2020\/09\/PROFIL-GUIMAUSE-TERRIER-ARSAETHER-1-150x150.jpg 150w, https:\/\/arsaether.com\/wp-content\/uploads\/2020\/09\/PROFIL-GUIMAUSE-TERRIER-ARSAETHER-1-768x767.jpg 768w, https:\/\/arsaether.com\/wp-content\/uploads\/2020\/09\/PROFIL-GUIMAUSE-TERRIER-ARSAETHER-1-1536x1534.jpg 1536w, https:\/\/arsaether.com\/wp-content\/uploads\/2020\/09\/PROFIL-GUIMAUSE-TERRIER-ARSAETHER-1-2048x2046.jpg 2048w\" sizes=\"(max-width: 253px) 100vw, 253px\" \/><\/figure><\/div>\n\n\n\n<div class=\"wp-block-group\"><div class=\"wp-block-group__inner-container\">\n<br><\/br><\/br>\n<h2 class=\"has-text-align-center\">Bienvenue dans l&rsquo;univers d&rsquo;<em>Arsaether<\/em> !<\/h2>\n<\/div><\/div>\n<\/div><\/div>\n\n\n\n<p><br><\/p>\n<\/div><\/div>\n\n\n\n<p class=\"has-text-align-center apropos\">Je suis <em>Guimause<\/em>, <em>Guimause Terrier<\/em>, ou <em>Guimy<\/em> pour les intimes, cr\u00e9atrice de contenus sur <em><a rel=\"noreferrer noopener\" style=\"color:#EF481D;\" href=\"https:\/\/www.youtube.com\/c\/leterrierdeguimause\" data-type=\"URL\" data-id=\"https:\/\/www.youtube.com\/c\/leterrierdeguimause\" target=\"_blank\">Youtube<\/a><\/em>, <em><a rel=\"noreferrer noopener\" style=\"color:#EF481D;\" href=\"https:\/\/www.twitch.tv\/guimauseterrier\" data-type=\"URL\" data-id=\"https:\/\/www.twitch.tv\/guimauseterrier\" target=\"_blank\">Twitch<\/a><\/em> et<em><a rel=\"noreferrer noopener\" style=\"color:#EF481D;\" href=\"https:\/\/www.instagram.com\/guimauseterrier\/\" data-type=\"URL\" data-id=\"https:\/\/www.instagram.com\/guimauseterrier\/\" target=\"_blank\"> Instagram<\/a><\/em>.<br>Passionn\u00e9e dans l&rsquo;\u00e2me je suis un couteau suisse qui multiplie les exp\u00e9riences pour vous partager toujours plus de mon univers.<br>Vous offrir des espaces de r\u00eaveries et de tol\u00e9rance est au c\u0153ur de mon travail \u2665<\/p>\n\n\n\n<p><br><\/p>\n\n\n\n<hr class=\"wp-block-separator\"\/>\n\n\n\n<p class=\"has-text-align-center\"><br>Vous retrouverez ici du contenu en rapport avec ma boutique<br>qui pour le moment est disponible sur <a rel=\"noreferrer noopener\" style=\"color:#EF481D;\" href=\"http:\/\/arsaether.etsy.com\" target=\"_blank\">Etsy<\/a><\/p>\n\n\n\n<p><br><\/p>\n\n\n\n<hr class=\"wp-block-separator\"\/>\n\n\n\n<p class=\"has-text-align-center\">Vous attendez d\u00e9but septembre avec impatience ?<br>Vous \u00eates en train de pr\u00e9parer votre PAL avec un cha\u00ef latte br\u00fblant ?<br>Vous tr\u00e9pignez en attendant l&rsquo;ouverture de la boutique pour vous procurer les cr\u00e9ations<br>en l&rsquo;honneur du <span style=\"color:#EF481D;\"><em><a style=\"color:#EF481D;\" href=\"https:\/\/youtu.be\/ClB3XaZzqs4\" data-type=\"URL\" data-id=\"https:\/\/youtu.be\/ClB3XaZzqs4\" target=\"_blank\" rel=\"noreferrer noopener\">Pumpkin Autumn Challenge<\/a><\/em><\/span> 2021 ?<br><br><strong><em>Vous \u00eates au bon endroit !<\/em><\/strong><br><br><span style=\"text-decoration: underline;\">Une histoire originale r\u00e9dig\u00e9e par mes soins vous attend<\/span><br>De quoi patienter jusqu&rsquo;au <strong><em>5 septembre<\/em><\/strong>, date de r\u00e9ouverture de la boutique.<br><br>Cette histoire vous donnera des clefs de compr\u00e9hension lorsque vous<br>d\u00e9couvrirez l&rsquo;illustration centrale du <em>Grenier des Myst\u00e8res<\/em><br>et celle du marque-page\/carte postale.<\/p>\n\n\n\n<p class=\"has-text-align-center\">Venez d\u00e9couvrir l\u2019histoire de<br><a href=\"https:\/\/arsaether.com\/index.php\/2021\/08\/29\/la-dame-dans-le-cadre\/\" style=\"color:#EF481D;\" data-type=\"URL\" data-id=\"https:\/\/arsaether.com\/index.php\/2021\/08\/29\/la-dame-dans-le-cadre\/\" target=\"_blank\" rel=\"noreferrer noopener\">La Dame dans le Cadre<\/a><\/p>\n\n\n\n<\/br>\n\n\n\n<div class=\"wp-block-image\"><figure class=\"aligncenter size-large\"><img loading=\"lazy\" width=\"1024\" height=\"212\" src=\"https:\/\/arsaether.com\/wp-content\/uploads\/2021\/08\/arsaether-2-1024x212.png\" alt=\"\" class=\"wp-image-1083\" srcset=\"https:\/\/arsaether.com\/wp-content\/uploads\/2021\/08\/arsaether-2-1024x212.png 1024w, https:\/\/arsaether.com\/wp-content\/uploads\/2021\/08\/arsaether-2-300x62.png 300w, https:\/\/arsaether.com\/wp-content\/uploads\/2021\/08\/arsaether-2-768x159.png 768w, https:\/\/arsaether.com\/wp-content\/uploads\/2021\/08\/arsaether-2-600x124.png 600w, https:\/\/arsaether.com\/wp-content\/uploads\/2021\/08\/arsaether-2-190x39.png 190w, https:\/\/arsaether.com\/wp-content\/uploads\/2021\/08\/arsaether-2-434x90.png 434w, https:\/\/arsaether.com\/wp-content\/uploads\/2021\/08\/arsaether-2.png 1080w\" sizes=\"(max-width: 1024px) 100vw, 1024px\" \/><\/figure><\/div>\n\n\n\n<\/br>\n<\/br>\n\n\n\n<div class=\"wp-block-columns alignwide has-black-color has-text-color\">\n<div class=\"wp-block-column\" style=\"flex-basis:100%\">\n<div class=\"wp-block-group\"><div class=\"wp-block-group__inner-container\">\n<div class=\"wp-block-group\"><div class=\"wp-block-group__inner-container\">\n<div class=\"wp-block-columns\">\n<div class=\"wp-block-column\" style=\"flex-basis:100%\">\n<div class=\"wp-block-group\"><div class=\"wp-block-group__inner-container\">\n<div class=\"wp-block-columns\">\n<div class=\"wp-block-column\" style=\"flex-basis:33.34%\">\n<div class=\"wp-block-image\"><figure class=\"aligncenter is-resized\"><a href=\"https:\/\/www.instagram.com\/p\/CS_nDMqKHGI\/\" target=\"_blank\" rel=\"noopener\"><img loading=\"lazy\" src=\"https:\/\/arsaether.com\/wp-content\/uploads\/2021\/08\/PAC-foret-2021.jpg\" alt=\"\" class=\"wp-image-1112\" width=\"239\" height=\"299\" srcset=\"https:\/\/arsaether.com\/wp-content\/uploads\/2021\/08\/PAC-foret-2021.jpg 478w, https:\/\/arsaether.com\/wp-content\/uploads\/2021\/08\/PAC-foret-2021-240x300.jpg 240w\" sizes=\"(max-width: 239px) 100vw, 239px\" \/><\/a><\/figure><\/div>\n<\/div>\n\n\n\n<div class=\"wp-block-column\" style=\"flex-basis:33.33%\">\n<div class=\"wp-block-image\"><figure class=\"aligncenter size-full is-resized\"><a href=\"https:\/\/www.instagram.com\/guimauseterrier\/\" target=\"_blank\" rel=\"noopener\"><img loading=\"lazy\" src=\"https:\/\/arsaether.com\/wp-content\/uploads\/2021\/08\/bougie-arsaether.jpg\" alt=\"\" class=\"wp-image-1113\" width=\"239\" height=\"299\" srcset=\"https:\/\/arsaether.com\/wp-content\/uploads\/2021\/08\/bougie-arsaether.jpg 478w, https:\/\/arsaether.com\/wp-content\/uploads\/2021\/08\/bougie-arsaether-240x300.jpg 240w\" sizes=\"(max-width: 239px) 100vw, 239px\" \/><\/a><\/figure><\/div>\n<\/div>\n\n\n\n<div class=\"wp-block-column\" style=\"flex-basis:33.34%\">\n<div class=\"wp-block-image\"><figure class=\"aligncenter is-resized\"><a href=\"https:\/\/www.instagram.com\/p\/CNhYAT2HqKk\/\" target=\"_blank\" rel=\"noopener\"><img loading=\"lazy\" src=\"https:\/\/arsaether.com\/wp-content\/uploads\/2021\/08\/foret-arsaether.jpg\" alt=\"\" class=\"wp-image-1110\" width=\"239\" height=\"299\" srcset=\"https:\/\/arsaether.com\/wp-content\/uploads\/2021\/08\/foret-arsaether.jpg 478w, https:\/\/arsaether.com\/wp-content\/uploads\/2021\/08\/foret-arsaether-240x300.jpg 240w\" sizes=\"(max-width: 239px) 100vw, 239px\" \/><\/a><\/figure><\/div>\n<\/div>\n<\/div>\n\n\n\n<p><\/p>\n<\/div><\/div>\n<\/div>\n<\/div>\n<\/div><\/div>\n<\/div><\/div>\n<\/div>\n<\/div>\n","protected":false},"excerpt":{"rendered":"<p>Bienvenue dans l&rsquo;univers d&rsquo;Arsaether ! Je suis Guimause, Guimause Terrier, ou Guimy pour les intimes, cr\u00e9atrice de contenus sur Youtube, Twitch et Instagram.Passionn\u00e9e dans l&rsquo;\u00e2me je suis un couteau suisse qui multiplie les exp\u00e9riences pour vous partager toujours plus de <a href=\"https:\/\/arsaether.com\/\"> Read more&#8230;<\/a><\/p>\n","protected":false},"author":1,"featured_media":0,"parent":0,"menu_order":0,"comment_status":"closed","ping_status":"closed","template":"","meta":{"spay_email":""},"_links":{"self":[{"href":"https:\/\/arsaether.com\/index.php\/wp-json\/wp\/v2\/pages\/965"}],"collection":[{"href":"https:\/\/arsaether.com\/index.php\/wp-json\/wp\/v2\/pages"}],"about":[{"href":"https:\/\/arsaether.com\/index.php\/wp-json\/wp\/v2\/types\/page"}],"author":[{"embeddable":true,"href":"https:\/\/arsaether.com\/index.php\/wp-json\/wp\/v2\/users\/1"}],"replies":[{"embeddable":true,"href":"https:\/\/arsaether.com\/index.php\/wp-json\/wp\/v2\/comments?post=965"}],"version-history":[{"count":46,"href":"https:\/\/arsaether.com\/index.php\/wp-json\/wp\/v2\/pages\/965\/revisions"}],"predecessor-version":[{"id":1135,"href":"https:\/\/arsaether.com\/index.php\/wp-json\/wp\/v2\/pages\/965\/revisions\/1135"}],"wp:attachment":[{"href":"https:\/\/arsaether.com\/index.php\/wp-json\/wp\/v2\/media?parent=965"}],"curies":[{"name":"wp","href":"https:\/\/api.w.org\/{rel}","templated":true}]}}